{"id":1576,"date":"2025-11-25T12:17:10","date_gmt":"2025-11-25T12:17:10","guid":{"rendered":"https:\/\/fabconnecther.eu\/terms-of-service\/"},"modified":"2025-11-25T15:07:26","modified_gmt":"2025-11-25T15:07:26","slug":"thjonustuskilmalar","status":"publish","type":"page","link":"https:\/\/fabconnecther.eu\/is\/terms-of-service\/","title":{"rendered":"\u00dej\u00f3nustuskilm\u00e1lar"},"content":{"rendered":"<p>Vettvangurinn virkar best \u00ed uppf\u00e6r\u00f0um vafra. Ef \u00fe\u00fa lendir \u00ed vandr\u00e6\u00f0um vi\u00f0 skr\u00e1ningu, endurhla\u00f0i\u00f0 s\u00ed\u00f0una og reyni\u00f0 aftur.<\/p>\n<h2><strong>\u00c1rei\u00f0anleika\u00e1byrg\u00f0 gagna og pers\u00f3nuverndar<\/strong><\/h2>\n<p><strong>Uppl\u00fdsingar \u00ed pr\u00f3f\u00edlnum \u00fe\u00ednum eru eing\u00f6ngu nota\u00f0ar innan FabConnectHer lei\u00f0beinendasamf\u00e9lagsins.\u00a0<\/strong><strong>\u00a0\u00dea\u00f0 ver\u00f0ur ekki deilt utan verkefnisins.<\/strong><\/p>","protected":false},"excerpt":{"rendered":"<p>The platform works best in an updated browser. If you experience issues during sign-up, reload the page and try again. Data and privacy reassurance Your&hellip;<\/p>","protected":false},"author":3,"featured_media":0,"parent":0,"menu_order":0,"comment_status":"closed","ping_status":"closed","template":"","meta":{"_acf_changed":false,"_angie_page":false,"inline_featured_image":false,"footnotes":""},"class_list":["post-1576","page","type-page","status-publish","hentry"],"acf":[],"yoast_head":"<!-- This site is optimized with the Yoast SEO plugin v27.4 - https:\/\/yoast.com\/product\/yoast-seo-wordpress\/ -->\n<title>Terms of Service - FabConnectHer.eu<\/title>\n<meta name=\"robots\" content=\"index, follow, max-snippet:-1, max-image-preview:large, max-video-preview:-1\" \/>\n<link rel=\"canonical\" href=\"https:\/\/fabconnecther.eu\/is\/thjonustuskilmalar\/\" \/>\n<meta property=\"og:locale\" content=\"is_IS\" \/>\n<meta property=\"og:type\" content=\"article\" \/>\n<meta property=\"og:title\" content=\"Terms of Service - FabConnectHer.eu\" \/>\n<meta property=\"og:description\" content=\"The platform works best in an updated browser. If you experience issues during sign-up, reload the page and try again. Data and privacy reassurance Your&hellip;\" \/>\n<meta property=\"og:url\" content=\"https:\/\/fabconnecther.eu\/is\/thjonustuskilmalar\/\" \/>\n<meta property=\"og:site_name\" content=\"FabConnectHer.eu\" \/>\n<meta property=\"article:modified_time\" content=\"2025-11-25T15:07:26+00:00\" \/>\n<meta name=\"twitter:card\" content=\"summary_large_image\" \/>\n<meta name=\"twitter:label1\" content=\"Est. reading time\" \/>\n\t<meta name=\"twitter:data1\" content=\"1 minute\" \/>\n<script type=\"application\/ld+json\" class=\"yoast-schema-graph\">{\"@context\":\"https:\\\/\\\/schema.org\",\"@graph\":[{\"@type\":\"WebPage\",\"@id\":\"https:\\\/\\\/fabconnecther.eu\\\/terms-of-service\\\/\",\"url\":\"https:\\\/\\\/fabconnecther.eu\\\/terms-of-service\\\/\",\"name\":\"Terms of Service - FabConnectHer.eu\",\"isPartOf\":{\"@id\":\"https:\\\/\\\/fabconnecther.eu\\\/#website\"},\"datePublished\":\"2025-11-25T12:17:10+00:00\",\"dateModified\":\"2025-11-25T15:07:26+00:00\",\"breadcrumb\":{\"@id\":\"https:\\\/\\\/fabconnecther.eu\\\/terms-of-service\\\/#breadcrumb\"},\"inLanguage\":\"is\",\"potentialAction\":[{\"@type\":\"ReadAction\",\"target\":[\"https:\\\/\\\/fabconnecther.eu\\\/terms-of-service\\\/\"]}]},{\"@type\":\"BreadcrumbList\",\"@id\":\"https:\\\/\\\/fabconnecther.eu\\\/terms-of-service\\\/#breadcrumb\",\"itemListElement\":[{\"@type\":\"ListItem\",\"position\":1,\"name\":\"Home\",\"item\":\"https:\\\/\\\/fabconnecther.eu\\\/\"},{\"@type\":\"ListItem\",\"position\":2,\"name\":\"Terms of Service\"}]},{\"@type\":\"WebSite\",\"@id\":\"https:\\\/\\\/fabconnecther.eu\\\/#website\",\"url\":\"https:\\\/\\\/fabconnecther.eu\\\/\",\"name\":\"FabConnectHer.eu\",\"description\":\"\",\"publisher\":{\"@id\":\"https:\\\/\\\/fabconnecther.eu\\\/#organization\"},\"potentialAction\":[{\"@type\":\"SearchAction\",\"target\":{\"@type\":\"EntryPoint\",\"urlTemplate\":\"https:\\\/\\\/fabconnecther.eu\\\/?s={search_term_string}\"},\"query-input\":{\"@type\":\"PropertyValueSpecification\",\"valueRequired\":true,\"valueName\":\"search_term_string\"}}],\"inLanguage\":\"is\"},{\"@type\":\"Organization\",\"@id\":\"https:\\\/\\\/fabconnecther.eu\\\/#organization\",\"name\":\"FabConnectHer.eu\",\"url\":\"https:\\\/\\\/fabconnecther.eu\\\/\",\"logo\":{\"@type\":\"ImageObject\",\"inLanguage\":\"is\",\"@id\":\"https:\\\/\\\/fabconnecther.eu\\\/#\\\/schema\\\/logo\\\/image\\\/\",\"url\":\"https:\\\/\\\/fabconnecther.eu\\\/wp-content\\\/uploads\\\/2024\\\/03\\\/fabCONNECTher-final-logo2.png\",\"contentUrl\":\"https:\\\/\\\/fabconnecther.eu\\\/wp-content\\\/uploads\\\/2024\\\/03\\\/fabCONNECTher-final-logo2.png\",\"width\":604,\"height\":313,\"caption\":\"FabConnectHer.eu\"},\"image\":{\"@id\":\"https:\\\/\\\/fabconnecther.eu\\\/#\\\/schema\\\/logo\\\/image\\\/\"}}]}<\/script>\n<!-- \/ Yoast SEO plugin. -->","yoast_head_json":{"title":"Notkunarskilm\u00e1lar - FabConnectHer.eu","robots":{"index":"index","follow":"follow","max-snippet":"max-snippet:-1","max-image-preview":"max-image-preview:large","max-video-preview":"max-video-preview:-1"},"canonical":"https:\/\/fabconnecther.eu\/is\/thjonustuskilmalar\/","og_locale":"is_IS","og_type":"article","og_title":"Terms of Service - FabConnectHer.eu","og_description":"The platform works best in an updated browser. If you experience issues during sign-up, reload the page and try again. Data and privacy reassurance Your&hellip;","og_url":"https:\/\/fabconnecther.eu\/is\/thjonustuskilmalar\/","og_site_name":"FabConnectHer.eu","article_modified_time":"2025-11-25T15:07:26+00:00","twitter_card":"summary_large_image","twitter_misc":{"Est. reading time":"1 minute"},"schema":{"@context":"https:\/\/schema.org","@graph":[{"@type":"WebPage","@id":"https:\/\/fabconnecther.eu\/terms-of-service\/","url":"https:\/\/fabconnecther.eu\/terms-of-service\/","name":"Notkunarskilm\u00e1lar - FabConnectHer.eu","isPartOf":{"@id":"https:\/\/fabconnecther.eu\/#website"},"datePublished":"2025-11-25T12:17:10+00:00","dateModified":"2025-11-25T15:07:26+00:00","breadcrumb":{"@id":"https:\/\/fabconnecther.eu\/terms-of-service\/#breadcrumb"},"inLanguage":"is","potentialAction":[{"@type":"ReadAction","target":["https:\/\/fabconnecther.eu\/terms-of-service\/"]}]},{"@type":"BreadcrumbList","@id":"https:\/\/fabconnecther.eu\/terms-of-service\/#breadcrumb","itemListElement":[{"@type":"ListItem","position":1,"name":"Home","item":"https:\/\/fabconnecther.eu\/"},{"@type":"ListItem","position":2,"name":"Terms of Service"}]},{"@type":"WebSite","@id":"https:\/\/fabconnecther.eu\/#website","url":"https:\/\/fabconnecther.eu\/","name":"Fr\u00e1b\u00e6r tenging kvenna.eu","description":"","publisher":{"@id":"https:\/\/fabconnecther.eu\/#organization"},"potentialAction":[{"@type":"SearchAction","target":{"@type":"EntryPoint","urlTemplate":"https:\/\/fabconnecther.eu\/?s={search_term_string}"},"query-input":{"@type":"PropertyValueSpecification","valueRequired":true,"valueName":"search_term_string"}}],"inLanguage":"is"},{"@type":"Organization","@id":"https:\/\/fabconnecther.eu\/#organization","name":"Fr\u00e1b\u00e6r tenging kvenna.eu","url":"https:\/\/fabconnecther.eu\/","logo":{"@type":"ImageObject","inLanguage":"is","@id":"https:\/\/fabconnecther.eu\/#\/schema\/logo\/image\/","url":"https:\/\/fabconnecther.eu\/wp-content\/uploads\/2024\/03\/fabCONNECTher-final-logo2.png","contentUrl":"https:\/\/fabconnecther.eu\/wp-content\/uploads\/2024\/03\/fabCONNECTher-final-logo2.png","width":604,"height":313,"caption":"FabConnectHer.eu"},"image":{"@id":"https:\/\/fabconnecther.eu\/#\/schema\/logo\/image\/"}}]}},"_links":{"self":[{"href":"https:\/\/fabconnecther.eu\/is\/wp-json\/wp\/v2\/pages\/1576","targetHints":{"allow":["GET"]}}],"collection":[{"href":"https:\/\/fabconnecther.eu\/is\/wp-json\/wp\/v2\/pages"}],"about":[{"href":"https:\/\/fabconnecther.eu\/is\/wp-json\/wp\/v2\/types\/page"}],"author":[{"embeddable":true,"href":"https:\/\/fabconnecther.eu\/is\/wp-json\/wp\/v2\/users\/3"}],"replies":[{"embeddable":true,"href":"https:\/\/fabconnecther.eu\/is\/wp-json\/wp\/v2\/comments?post=1576"}],"version-history":[{"count":0,"href":"https:\/\/fabconnecther.eu\/is\/wp-json\/wp\/v2\/pages\/1576\/revisions"}],"wp:attachment":[{"href":"https:\/\/fabconnecther.eu\/is\/wp-json\/wp\/v2\/media?parent=1576"}],"curies":[{"name":"vp","href":"https:\/\/api.w.org\/{rel}","templated":true}]}}