{"id":1814,"date":"2025-12-02T14:21:51","date_gmt":"2025-12-02T14:21:51","guid":{"rendered":"https:\/\/fabconnecther.eu\/?page_id=1814"},"modified":"2026-04-21T13:20:41","modified_gmt":"2026-04-21T13:20:41","slug":"vettvangur","status":"publish","type":"page","link":"https:\/\/fabconnecther.eu\/is\/forum\/","title":{"rendered":"Vettvangur"},"content":{"rendered":"<div data-elementor-type=\"wp-page\" data-elementor-id=\"1814\" class=\"elementor elementor-1814\" data-elementor-post-type=\"page\">\n\t\t\t\t<div class=\"elementor-element elementor-element-246a4233 e-con-full e-flex e-con e-parent\" data-id=\"246a4233\" data-element_type=\"container\" data-e-type=\"container\" data-settings=\"{&quot;background_background&quot;:&quot;classic&quot;}\">\n\t\t<div class=\"elementor-element elementor-element-928b78e e-con-full e-flex e-con e-child\" data-id=\"928b78e\" data-element_type=\"container\" data-e-type=\"container\">\n\t\t<div class=\"elementor-element elementor-element-b2c6bdb e-con-full e-flex e-con e-child\" data-id=\"b2c6bdb\" data-element_type=\"container\" data-e-type=\"container\">\n\t\t\t\t<div class=\"elementor-element elementor-element-62990be elementor-widget elementor-widget-heading\" data-id=\"62990be\" data-element_type=\"widget\" data-e-type=\"widget\" data-widget_type=\"heading.default\">\n\t\t\t\t\t<h1 class=\"elementor-heading-title elementor-size-default\">Velkomin \u00e1 FAB Edu-vettvanginn<\/h1>\t\t\t\t<\/div>\n\t\t\t\t<div class=\"elementor-element elementor-element-a56b893 elementor-widget elementor-widget-text-editor\" data-id=\"a56b893\" data-element_type=\"widget\" data-e-type=\"widget\" data-widget_type=\"text-editor.default\">\n\t\t\t\t\t\t\t\t\t<p>FAB Edu Forum fangar k\u00f6nnun og tengsl FabConnectHer innan Fab Lab-menntalandslagsins um alla Evr\u00f3pu. Hvert af fj\u00f3rum sv\u00e6\u00f0unum h\u00e9r a\u00f0 ne\u00f0an b\u00fd\u00f0ur upp \u00e1 mismunandi sj\u00f3narhorn \u00e1 sameiginlega vinnu okkar, hanna\u00f0 til a\u00f0 uppl\u00fdsa og hvetja \u00feig \u00ed \u00feinni eigin starfsh\u00e1ttum, hvar sem \u00fe\u00fa ert.<\/p><ul><li>Me\u00f0 dj\u00fapu kortlagningarverkefni greindi verkefni\u00f0 100 Fab Labs og Maker Spaces og skapa\u00f0i lifandi skr\u00e1 sem mun halda \u00e1fram a\u00f0 vaxa.<\/li><li>Rafr\u00e6n fer\u00f0aser\u00eda opna\u00f0i dyr samstarfsa\u00f0ila Fab Labs \u00e1 \u00cdrlandi, Sp\u00e1ni, \u00cdslandi og \u00ed Port\u00fagal og deildi bestu starfsh\u00e1ttum me\u00f0 \u00fev\u00ed a\u00f0 s\u00fdna hvernig mismunandi r\u00fdmi og teymi n\u00e1lgast vinnu s\u00edna. Vinsamlegast b\u00e6ttu fer\u00f0inni \u00feinni vi\u00f0 \u00feessa ser\u00edu.<\/li><li>\u00c1\u00e6tlun rafr\u00e6nna vi\u00f0bur\u00f0a<\/li><li>Fab &amp; Fierce Challenge bau\u00f0 stelpum og konum a\u00f0 fagna kvenkyns STEAM-hetju me\u00f0 \u00fev\u00ed a\u00f0 rannsaka s\u00f6gu hennar, b\u00faa til skapandi frumger\u00f0 e\u00f0a stafr\u00e6nt verkefni innbl\u00e1si\u00f0 af henni og kynna \u00fea\u00f0 \u00ed stuttri myndbandi, og skila\u00f0i 16 eftirtektarver\u00f0um verkefnum fr\u00e1 \u00f6llum hlutum netsins.<\/li><\/ul><p>Saman s\u00fdna \u00feessar ni\u00f0urst\u00f6\u00f0ur hvernig \u00fe\u00e1ttt\u00f6kumi\u00f0u\u00f0 STEAM-menntun l\u00edtur \u00fat \u00ed framkv\u00e6md, \u00e1 mj\u00f6g \u00f3l\u00edkum l\u00f6ndum, samf\u00e9l\u00f6gum og n\u00e1msumhverfum.<\/p><p>Fyrir beina tengingu vi\u00f0 a\u00f0ra lei\u00f0beinendur og kennara, \u00fear \u00e1 me\u00f0al samf\u00e9lagspr\u00f3f\u00edla, jafningjastu\u00f0ning og samfellda samvinnu, far\u00f0u \u00e1\u00a0<a href=\"https:\/\/fabconnecther.eu\/is\/menther\/\" target=\"_blank\" rel=\"noopener\">MentHer samf\u00e9lagi\u00f0<\/a>.<\/p>\t\t\t\t\t\t\t\t<\/div>\n\t\t\t\t<\/div>\n\t\t<div class=\"elementor-element elementor-element-3cb57ed e-con-full e-flex e-con e-child\" data-id=\"3cb57ed\" data-element_type=\"container\" data-e-type=\"container\">\n\t\t\t\t<div class=\"elementor-element elementor-element-fb97dc7 elementor-widget elementor-widget-image\" data-id=\"fb97dc7\" data-element_type=\"widget\" data-e-type=\"widget\" data-widget_type=\"image.default\">\n\t\t\t\t\t\t\t\t\t\t\t\t\t\t\t<img fetchpriority=\"high\" decoding=\"async\" width=\"1236\" height=\"974\" src=\"https:\/\/fabconnecther.eu\/wp-content\/uploads\/2025\/12\/A2.jpg\" class=\"attachment-1536x1536 size-1536x1536 wp-image-1824\" alt=\"\" srcset=\"https:\/\/fabconnecther.eu\/wp-content\/uploads\/2025\/12\/A2.jpg 1236w, https:\/\/fabconnecther.eu\/wp-content\/uploads\/2025\/12\/A2-300x236.jpg 300w, https:\/\/fabconnecther.eu\/wp-content\/uploads\/2025\/12\/A2-1024x807.jpg 1024w, https:\/\/fabconnecther.eu\/wp-content\/uploads\/2025\/12\/A2-768x605.jpg 768w, https:\/\/fabconnecther.eu\/wp-content\/uploads\/2025\/12\/A2-624x492.jpg 624w\" sizes=\"(max-width: 1236px) 100vw, 1236px\" \/>\t\t\t\t\t\t\t\t\t\t\t\t\t\t\t<\/div>\n\t\t\t\t<\/div>\n\t\t\t\t<\/div>\n\t\t<div class=\"elementor-element elementor-element-4e0acf9 e-con-full e-flex e-con e-child\" data-id=\"4e0acf9\" data-element_type=\"container\" data-e-type=\"container\">\n\t\t<div class=\"elementor-element elementor-element-97dbf12 e-con-full animated-slow e-flex elementor-invisible e-con e-child\" data-id=\"97dbf12\" data-element_type=\"container\" data-e-type=\"container\" data-settings=\"{&quot;background_background&quot;:&quot;classic&quot;,&quot;animation&quot;:&quot;fadeIn&quot;}\">\n\t\t\t\t<div class=\"elementor-element elementor-element-2fdeb67 elementor-widget elementor-widget-heading\" data-id=\"2fdeb67\" data-element_type=\"widget\" data-e-type=\"widget\" data-widget_type=\"heading.default\">\n\t\t\t\t\t<h2 class=\"elementor-heading-title elementor-size-default\">Vi\u00f0bur\u00f0ir<\/h2>\t\t\t\t<\/div>\n\t\t\t\t<div class=\"elementor-element elementor-element-040162c elementor-align-justify elementor-widget elementor-widget-button\" data-id=\"040162c\" data-element_type=\"widget\" data-e-type=\"widget\" data-widget_type=\"button.default\">\n\t\t\t\t\t\t\t\t\t\t<a class=\"elementor-button elementor-button-link elementor-size-sm\" href=\"https:\/\/fabconnecther.eu\/is\/vidburdir\/\">\n\t\t\t\t\t\t<span class=\"elementor-button-content-wrapper\">\n\t\t\t\t\t\t<span class=\"elementor-button-icon\">\n\t\t\t\t<svg aria-hidden=\"true\" class=\"e-font-icon-svg e-fas-chevron-right\" viewbox=\"0 0 320 512\" xmlns=\"http:\/\/www.w3.org\/2000\/svg\"><path d=\"M285.476 272.971L91.132 467.314c-9.373 9.373-24.569 9.373-33.941 0l-22.667-22.667c-9.357-9.357-9.375-24.522-.04-33.901L188.505 256 34.484 101.255c-9.335-9.379-9.317-24.544.04-33.901l22.667-22.667c9.373-9.373 24.569-9.373 33.941 0L285.475 239.03c9.373 9.372 9.373 24.568.001 33.941z\"><\/path><\/svg>\t\t\t<\/span>\n\t\t\t\t\t\t\t\t\t<span class=\"elementor-button-text\">Sj\u00e1 meira<\/span>\n\t\t\t\t\t<\/span>\n\t\t\t\t\t<\/a>\n\t\t\t\t\t\t\t\t<\/div>\n\t\t\t\t<\/div>\n\t\t<div class=\"elementor-element elementor-element-db6a971 e-con-full animated-slow e-flex elementor-invisible e-con e-child\" data-id=\"db6a971\" data-element_type=\"container\" data-e-type=\"container\" data-settings=\"{&quot;background_background&quot;:&quot;classic&quot;,&quot;animation&quot;:&quot;fadeIn&quot;,&quot;animation_delay&quot;:300}\">\n\t\t\t\t<div class=\"elementor-element elementor-element-8ad48f6 elementor-widget elementor-widget-heading\" data-id=\"8ad48f6\" data-element_type=\"widget\" data-e-type=\"widget\" data-widget_type=\"heading.default\">\n\t\t\t\t\t<h2 class=\"elementor-heading-title elementor-size-default\">Kort af Fab Labs<\/h2>\t\t\t\t<\/div>\n\t\t\t\t<div class=\"elementor-element elementor-element-447709b elementor-align-justify elementor-widget elementor-widget-button\" data-id=\"447709b\" data-element_type=\"widget\" data-e-type=\"widget\" data-widget_type=\"button.default\">\n\t\t\t\t\t\t\t\t\t\t<a class=\"elementor-button elementor-button-link elementor-size-sm\" href=\"https:\/\/fabconnecther.eu\/is\/frabaer-smidjur\/\">\n\t\t\t\t\t\t<span class=\"elementor-button-content-wrapper\">\n\t\t\t\t\t\t<span class=\"elementor-button-icon\">\n\t\t\t\t<svg aria-hidden=\"true\" class=\"e-font-icon-svg e-fas-chevron-right\" viewbox=\"0 0 320 512\" xmlns=\"http:\/\/www.w3.org\/2000\/svg\"><path d=\"M285.476 272.971L91.132 467.314c-9.373 9.373-24.569 9.373-33.941 0l-22.667-22.667c-9.357-9.357-9.375-24.522-.04-33.901L188.505 256 34.484 101.255c-9.335-9.379-9.317-24.544.04-33.901l22.667-22.667c9.373-9.373 24.569-9.373 33.941 0L285.475 239.03c9.373 9.372 9.373 24.568.001 33.941z\"><\/path><\/svg>\t\t\t<\/span>\n\t\t\t\t\t\t\t\t\t<span class=\"elementor-button-text\">Sj\u00e1 meira<\/span>\n\t\t\t\t\t<\/span>\n\t\t\t\t\t<\/a>\n\t\t\t\t\t\t\t\t<\/div>\n\t\t\t\t<\/div>\n\t\t<div class=\"elementor-element elementor-element-5a44b3c e-con-full animated-slow e-flex elementor-invisible e-con e-child\" data-id=\"5a44b3c\" data-element_type=\"container\" data-e-type=\"container\" data-settings=\"{&quot;background_background&quot;:&quot;classic&quot;,&quot;animation&quot;:&quot;fadeIn&quot;,&quot;animation_delay&quot;:600}\">\n\t\t\t\t<div class=\"elementor-element elementor-element-af52596 elementor-widget elementor-widget-heading\" data-id=\"af52596\" data-element_type=\"widget\" data-e-type=\"widget\" data-widget_type=\"heading.default\">\n\t\t\t\t\t<h2 class=\"elementor-heading-title elementor-size-default\">Rafr\u00e6nar sko\u00f0unarfer\u00f0ir<\/h2>\t\t\t\t<\/div>\n\t\t\t\t<div class=\"elementor-element elementor-element-4b35ce6 elementor-align-justify elementor-widget elementor-widget-button\" data-id=\"4b35ce6\" data-element_type=\"widget\" data-e-type=\"widget\" data-widget_type=\"button.default\">\n\t\t\t\t\t\t\t\t\t\t<a class=\"elementor-button elementor-button-link elementor-size-sm\" href=\"https:\/\/fabconnecther.eu\/is\/rafraenar-skodunarferdir\/\">\n\t\t\t\t\t\t<span class=\"elementor-button-content-wrapper\">\n\t\t\t\t\t\t<span class=\"elementor-button-icon\">\n\t\t\t\t<svg aria-hidden=\"true\" class=\"e-font-icon-svg e-fas-chevron-right\" viewbox=\"0 0 320 512\" xmlns=\"http:\/\/www.w3.org\/2000\/svg\"><path d=\"M285.476 272.971L91.132 467.314c-9.373 9.373-24.569 9.373-33.941 0l-22.667-22.667c-9.357-9.357-9.375-24.522-.04-33.901L188.505 256 34.484 101.255c-9.335-9.379-9.317-24.544.04-33.901l22.667-22.667c9.373-9.373 24.569-9.373 33.941 0L285.475 239.03c9.373 9.372 9.373 24.568.001 33.941z\"><\/path><\/svg>\t\t\t<\/span>\n\t\t\t\t\t\t\t\t\t<span class=\"elementor-button-text\">Sj\u00e1 meira<\/span>\n\t\t\t\t\t<\/span>\n\t\t\t\t\t<\/a>\n\t\t\t\t\t\t\t\t<\/div>\n\t\t\t\t<\/div>\n\t\t<div class=\"elementor-element elementor-element-99cca6d e-con-full animated-slow e-flex elementor-invisible e-con e-child\" data-id=\"99cca6d\" data-element_type=\"container\" data-e-type=\"container\" data-settings=\"{&quot;background_background&quot;:&quot;classic&quot;,&quot;animation&quot;:&quot;fadeIn&quot;,&quot;animation_delay&quot;:900}\">\n\t\t\t\t<div class=\"elementor-element elementor-element-7a6d389 elementor-widget elementor-widget-heading\" data-id=\"7a6d389\" data-element_type=\"widget\" data-e-type=\"widget\" data-widget_type=\"heading.default\">\n\t\t\t\t\t<h2 class=\"elementor-heading-title elementor-size-default\">\u00c1skorunarmi\u00f0st\u00f6\u00f0in<\/h2>\t\t\t\t<\/div>\n\t\t\t\t<div class=\"elementor-element elementor-element-480a03a elementor-align-justify elementor-widget elementor-widget-button\" data-id=\"480a03a\" data-element_type=\"widget\" data-e-type=\"widget\" data-widget_type=\"button.default\">\n\t\t\t\t\t\t\t\t\t\t<a class=\"elementor-button elementor-button-link elementor-size-sm\" href=\"https:\/\/fabconnecther.eu\/is\/frabaer-hord-askorun\/\">\n\t\t\t\t\t\t<span class=\"elementor-button-content-wrapper\">\n\t\t\t\t\t\t<span class=\"elementor-button-icon\">\n\t\t\t\t<svg aria-hidden=\"true\" class=\"e-font-icon-svg e-fas-chevron-right\" viewbox=\"0 0 320 512\" xmlns=\"http:\/\/www.w3.org\/2000\/svg\"><path d=\"M285.476 272.971L91.132 467.314c-9.373 9.373-24.569 9.373-33.941 0l-22.667-22.667c-9.357-9.357-9.375-24.522-.04-33.901L188.505 256 34.484 101.255c-9.335-9.379-9.317-24.544.04-33.901l22.667-22.667c9.373-9.373 24.569-9.373 33.941 0L285.475 239.03c9.373 9.372 9.373 24.568.001 33.941z\"><\/path><\/svg>\t\t\t<\/span>\n\t\t\t\t\t\t\t\t\t<span class=\"elementor-button-text\">Sj\u00e1 meira<\/span>\n\t\t\t\t\t<\/span>\n\t\t\t\t\t<\/a>\n\t\t\t\t\t\t\t\t<\/div>\n\t\t\t\t<\/div>\n\t\t\t\t<\/div>\n\t\t\t\t<\/div>\n\t\t\t\t<\/div>","protected":false},"excerpt":{"rendered":"<p>Welcome to the FAB Edu Forum The FAB Edu Forum captures FabConnectHer&#8217;s exploration and connection. of the Fab Lab education landscape across Europe. Each of&hellip;<\/p>","protected":false},"author":3,"featured_media":0,"parent":0,"menu_order":0,"comment_status":"closed","ping_status":"closed","template":"elementor_header_footer","meta":{"_acf_changed":false,"_angie_page":false,"inline_featured_image":false,"footnotes":""},"class_list":["post-1814","page","type-page","status-publish","hentry"],"acf":[],"yoast_head":"<!-- This site is optimized with the Yoast SEO plugin v27.5 - https:\/\/yoast.com\/product\/yoast-seo-wordpress\/ -->\n<title>Forum - FabConnectHer.eu<\/title>\n<meta name=\"robots\" content=\"index, follow, max-snippet:-1, max-image-preview:large, max-video-preview:-1\" \/>\n<link rel=\"canonical\" href=\"https:\/\/fabconnecther.eu\/is\/vettvangur\/\" \/>\n<meta property=\"og:locale\" content=\"is_IS\" \/>\n<meta property=\"og:type\" content=\"article\" \/>\n<meta property=\"og:title\" content=\"Forum - FabConnectHer.eu\" \/>\n<meta property=\"og:description\" content=\"Welcome to the FAB Edu Forum The FAB Edu Forum captures FabConnectHer&#8217;s exploration and connection. of the Fab Lab education landscape across Europe. Each of&hellip;\" \/>\n<meta property=\"og:url\" content=\"https:\/\/fabconnecther.eu\/is\/vettvangur\/\" \/>\n<meta property=\"og:site_name\" content=\"FabConnectHer.eu\" \/>\n<meta property=\"article:modified_time\" content=\"2026-04-21T13:20:41+00:00\" \/>\n<meta property=\"og:image\" content=\"https:\/\/fabconnecther.eu\/wp-content\/uploads\/2025\/12\/A2.jpg\" \/>\n\t<meta property=\"og:image:width\" content=\"1236\" \/>\n\t<meta property=\"og:image:height\" content=\"974\" \/>\n\t<meta property=\"og:image:type\" content=\"image\/jpeg\" \/>\n<meta name=\"twitter:card\" content=\"summary_large_image\" \/>\n<meta name=\"twitter:label1\" content=\"Est. reading time\" \/>\n\t<meta name=\"twitter:data1\" content=\"1 minute\" \/>\n<script type=\"application\/ld+json\" class=\"yoast-schema-graph\">{\"@context\":\"https:\\\/\\\/schema.org\",\"@graph\":[{\"@type\":\"WebPage\",\"@id\":\"https:\\\/\\\/fabconnecther.eu\\\/forum\\\/\",\"url\":\"https:\\\/\\\/fabconnecther.eu\\\/forum\\\/\",\"name\":\"Forum - FabConnectHer.eu\",\"isPartOf\":{\"@id\":\"https:\\\/\\\/fabconnecther.eu\\\/#website\"},\"primaryImageOfPage\":{\"@id\":\"https:\\\/\\\/fabconnecther.eu\\\/forum\\\/#primaryimage\"},\"image\":{\"@id\":\"https:\\\/\\\/fabconnecther.eu\\\/forum\\\/#primaryimage\"},\"thumbnailUrl\":\"https:\\\/\\\/fabconnecther.eu\\\/wp-content\\\/uploads\\\/2025\\\/12\\\/A2.jpg\",\"datePublished\":\"2025-12-02T14:21:51+00:00\",\"dateModified\":\"2026-04-21T13:20:41+00:00\",\"breadcrumb\":{\"@id\":\"https:\\\/\\\/fabconnecther.eu\\\/forum\\\/#breadcrumb\"},\"inLanguage\":\"is\",\"potentialAction\":[{\"@type\":\"ReadAction\",\"target\":[\"https:\\\/\\\/fabconnecther.eu\\\/forum\\\/\"]}]},{\"@type\":\"ImageObject\",\"inLanguage\":\"is\",\"@id\":\"https:\\\/\\\/fabconnecther.eu\\\/forum\\\/#primaryimage\",\"url\":\"https:\\\/\\\/fabconnecther.eu\\\/wp-content\\\/uploads\\\/2025\\\/12\\\/A2.jpg\",\"contentUrl\":\"https:\\\/\\\/fabconnecther.eu\\\/wp-content\\\/uploads\\\/2025\\\/12\\\/A2.jpg\"},{\"@type\":\"BreadcrumbList\",\"@id\":\"https:\\\/\\\/fabconnecther.eu\\\/forum\\\/#breadcrumb\",\"itemListElement\":[{\"@type\":\"ListItem\",\"position\":1,\"name\":\"Home\",\"item\":\"https:\\\/\\\/fabconnecther.eu\\\/\"},{\"@type\":\"ListItem\",\"position\":2,\"name\":\"Forum\"}]},{\"@type\":\"WebSite\",\"@id\":\"https:\\\/\\\/fabconnecther.eu\\\/#website\",\"url\":\"https:\\\/\\\/fabconnecther.eu\\\/\",\"name\":\"FabConnectHer.eu\",\"description\":\"\",\"publisher\":{\"@id\":\"https:\\\/\\\/fabconnecther.eu\\\/#organization\"},\"potentialAction\":[{\"@type\":\"SearchAction\",\"target\":{\"@type\":\"EntryPoint\",\"urlTemplate\":\"https:\\\/\\\/fabconnecther.eu\\\/?s={search_term_string}\"},\"query-input\":{\"@type\":\"PropertyValueSpecification\",\"valueRequired\":true,\"valueName\":\"search_term_string\"}}],\"inLanguage\":\"is\"},{\"@type\":\"Organization\",\"@id\":\"https:\\\/\\\/fabconnecther.eu\\\/#organization\",\"name\":\"FabConnectHer.eu\",\"url\":\"https:\\\/\\\/fabconnecther.eu\\\/\",\"logo\":{\"@type\":\"ImageObject\",\"inLanguage\":\"is\",\"@id\":\"https:\\\/\\\/fabconnecther.eu\\\/#\\\/schema\\\/logo\\\/image\\\/\",\"url\":\"https:\\\/\\\/fabconnecther.eu\\\/wp-content\\\/uploads\\\/2024\\\/03\\\/fabCONNECTher-final-logo2.png\",\"contentUrl\":\"https:\\\/\\\/fabconnecther.eu\\\/wp-content\\\/uploads\\\/2024\\\/03\\\/fabCONNECTher-final-logo2.png\",\"width\":604,\"height\":313,\"caption\":\"FabConnectHer.eu\"},\"image\":{\"@id\":\"https:\\\/\\\/fabconnecther.eu\\\/#\\\/schema\\\/logo\\\/image\\\/\"}}]}<\/script>\n<!-- \/ Yoast SEO plugin. -->","yoast_head_json":{"title":"Vettvangur - FabConnectHer.eu","robots":{"index":"index","follow":"follow","max-snippet":"max-snippet:-1","max-image-preview":"max-image-preview:large","max-video-preview":"max-video-preview:-1"},"canonical":"https:\/\/fabconnecther.eu\/is\/vettvangur\/","og_locale":"is_IS","og_type":"article","og_title":"Forum - FabConnectHer.eu","og_description":"Welcome to the FAB Edu Forum The FAB Edu Forum captures FabConnectHer&#8217;s exploration and connection. of the Fab Lab education landscape across Europe. Each of&hellip;","og_url":"https:\/\/fabconnecther.eu\/is\/vettvangur\/","og_site_name":"FabConnectHer.eu","article_modified_time":"2026-04-21T13:20:41+00:00","og_image":[{"width":1236,"height":974,"url":"https:\/\/fabconnecther.eu\/wp-content\/uploads\/2025\/12\/A2.jpg","type":"image\/jpeg"}],"twitter_card":"summary_large_image","twitter_misc":{"Est. reading time":"1 minute"},"schema":{"@context":"https:\/\/schema.org","@graph":[{"@type":"WebPage","@id":"https:\/\/fabconnecther.eu\/forum\/","url":"https:\/\/fabconnecther.eu\/forum\/","name":"Vettvangur - FabConnectHer.eu","isPartOf":{"@id":"https:\/\/fabconnecther.eu\/#website"},"primaryImageOfPage":{"@id":"https:\/\/fabconnecther.eu\/forum\/#primaryimage"},"image":{"@id":"https:\/\/fabconnecther.eu\/forum\/#primaryimage"},"thumbnailUrl":"https:\/\/fabconnecther.eu\/wp-content\/uploads\/2025\/12\/A2.jpg","datePublished":"2025-12-02T14:21:51+00:00","dateModified":"2026-04-21T13:20:41+00:00","breadcrumb":{"@id":"https:\/\/fabconnecther.eu\/forum\/#breadcrumb"},"inLanguage":"is","potentialAction":[{"@type":"ReadAction","target":["https:\/\/fabconnecther.eu\/forum\/"]}]},{"@type":"ImageObject","inLanguage":"is","@id":"https:\/\/fabconnecther.eu\/forum\/#primaryimage","url":"https:\/\/fabconnecther.eu\/wp-content\/uploads\/2025\/12\/A2.jpg","contentUrl":"https:\/\/fabconnecther.eu\/wp-content\/uploads\/2025\/12\/A2.jpg"},{"@type":"BreadcrumbList","@id":"https:\/\/fabconnecther.eu\/forum\/#breadcrumb","itemListElement":[{"@type":"ListItem","position":1,"name":"Home","item":"https:\/\/fabconnecther.eu\/"},{"@type":"ListItem","position":2,"name":"Forum"}]},{"@type":"WebSite","@id":"https:\/\/fabconnecther.eu\/#website","url":"https:\/\/fabconnecther.eu\/","name":"Fr\u00e1b\u00e6r tenging kvenna.eu","description":"","publisher":{"@id":"https:\/\/fabconnecther.eu\/#organization"},"potentialAction":[{"@type":"SearchAction","target":{"@type":"EntryPoint","urlTemplate":"https:\/\/fabconnecther.eu\/?s={search_term_string}"},"query-input":{"@type":"PropertyValueSpecification","valueRequired":true,"valueName":"search_term_string"}}],"inLanguage":"is"},{"@type":"Organization","@id":"https:\/\/fabconnecther.eu\/#organization","name":"Fr\u00e1b\u00e6r tenging kvenna.eu","url":"https:\/\/fabconnecther.eu\/","logo":{"@type":"ImageObject","inLanguage":"is","@id":"https:\/\/fabconnecther.eu\/#\/schema\/logo\/image\/","url":"https:\/\/fabconnecther.eu\/wp-content\/uploads\/2024\/03\/fabCONNECTher-final-logo2.png","contentUrl":"https:\/\/fabconnecther.eu\/wp-content\/uploads\/2024\/03\/fabCONNECTher-final-logo2.png","width":604,"height":313,"caption":"FabConnectHer.eu"},"image":{"@id":"https:\/\/fabconnecther.eu\/#\/schema\/logo\/image\/"}}]}},"_links":{"self":[{"href":"https:\/\/fabconnecther.eu\/is\/wp-json\/wp\/v2\/pages\/1814","targetHints":{"allow":["GET"]}}],"collection":[{"href":"https:\/\/fabconnecther.eu\/is\/wp-json\/wp\/v2\/pages"}],"about":[{"href":"https:\/\/fabconnecther.eu\/is\/wp-json\/wp\/v2\/types\/page"}],"author":[{"embeddable":true,"href":"https:\/\/fabconnecther.eu\/is\/wp-json\/wp\/v2\/users\/3"}],"replies":[{"embeddable":true,"href":"https:\/\/fabconnecther.eu\/is\/wp-json\/wp\/v2\/comments?post=1814"}],"version-history":[{"count":0,"href":"https:\/\/fabconnecther.eu\/is\/wp-json\/wp\/v2\/pages\/1814\/revisions"}],"wp:attachment":[{"href":"https:\/\/fabconnecther.eu\/is\/wp-json\/wp\/v2\/media?parent=1814"}],"curies":[{"name":"vp","href":"https:\/\/api.w.org\/{rel}","templated":true}]}}