{"id":3,"date":"2023-09-22T13:09:42","date_gmt":"2023-09-22T13:09:42","guid":{"rendered":"https:\/\/fabconnecther.eu\/?page_id=3"},"modified":"2024-03-08T17:22:57","modified_gmt":"2024-03-08T17:22:57","slug":"personuverndarstefna","status":"publish","type":"page","link":"https:\/\/fabconnecther.eu\/is\/privacy-policy\/","title":{"rendered":"Pers\u00f3nuverndarstefna"},"content":{"rendered":"<h2 class=\"wp-block-heading\">Hver vi\u00f0 erum<\/h2><p><strong class=\"privacy-policy-tutorial\">Tillaga a\u00f0 texta: <\/strong>Vefsl\u00f3\u00f0in okkar er: https:\/\/fabconnecther.eu.<\/p><h2 class=\"wp-block-heading\">Athugasemdir<\/h2><p><strong class=\"privacy-policy-tutorial\">Tillaga a\u00f0 texta: <\/strong>\u00deegar gestir skilja eftir athugasemdir \u00e1 s\u00ed\u00f0unni s\u00f6fnum vi\u00f0 g\u00f6gnum sem birtast \u00ed athugasemdarey\u00f0ubla\u00f0inu, auk IP-t\u00f6lu gestsins og notendau\u00f0kennis vafrans til a\u00f0 hj\u00e1lpa vi\u00f0 ruslp\u00f3stgreiningu.<\/p><p>An\u00f3n\u00edmu\u00f0 strengur sem b\u00fainn er til \u00far netfanginu \u00fe\u00ednu (einnig kalla\u00f0ur hash) getur veri\u00f0 sendur til Gravatar-\u00fej\u00f3nustunnar til a\u00f0 athuga hvort \u00fe\u00fa s\u00e9rt a\u00f0 nota hana. Pers\u00f3nuverndarstefna Gravatar-\u00fej\u00f3nustunnar er a\u00f0gengileg h\u00e9r: https:\/\/automattic.com\/privacy\/. Eftir sam\u00feykki \u00e1 athugasemdinni \u00feinni ver\u00f0ur pr\u00f3f\u00edlmyndin \u00fe\u00edn s\u00fdnileg almenningi \u00ed tengslum vi\u00f0 athugasemdina \u00fe\u00edna.<\/p><h2 class=\"wp-block-heading\">Mi\u00f0lar<\/h2><p><strong class=\"privacy-policy-tutorial\">Tillaga a\u00f0 texta: <\/strong>Ef \u00fe\u00fa hle\u00f0ur myndum upp \u00e1 vefs\u00ed\u00f0una \u00e6ttir \u00fe\u00fa a\u00f0 for\u00f0ast a\u00f0 hla\u00f0a upp myndum me\u00f0 innbygg\u00f0um sta\u00f0setningarg\u00f6gnum (EXIF GPS). Gestir \u00e1 vefs\u00ed\u00f0unni geta hla\u00f0i\u00f0 ni\u00f0ur og dregi\u00f0 \u00fat \u00f6ll sta\u00f0setningarg\u00f6gn \u00far myndum \u00e1 vefs\u00ed\u00f0unni.<\/p><h2 class=\"wp-block-heading\">K\u00f6kur<\/h2><p><strong class=\"privacy-policy-tutorial\">Tillaga a\u00f0 texta: <\/strong>Ef \u00fe\u00fa skilar athugasemd \u00e1 s\u00ed\u00f0unni okkar getur\u00f0u vali\u00f0 a\u00f0 vista nafn \u00feitt, netfang og vefs\u00ed\u00f0u \u00ed k\u00f6kum. \u00deetta er til \u00fe\u00e6ginda fyrir \u00feig svo \u00fe\u00fa \u00feurfir ekki a\u00f0 sl\u00e1 inn uppl\u00fdsingar \u00fe\u00ednar aftur \u00feegar \u00fe\u00fa skilar annarri athugasemd. \u00deessar k\u00f6kur gilda \u00ed eitt \u00e1r.<\/p><p>Ef \u00fe\u00fa heims\u00e6kir innskr\u00e1ningars\u00ed\u00f0una okkar, setjum vi\u00f0 t\u00edmabundi\u00f0 sm\u00e1k\u00f6ku til a\u00f0 \u00e1kvar\u00f0a hvort vafrinn \u00feinn sam\u00feykki sm\u00e1k\u00f6kur. \u00deessi sm\u00e1kaka inniheldur engar pers\u00f3nuuppl\u00fdsingar og er farga\u00f0 \u00feegar \u00fe\u00fa lokar vafranum \u00fe\u00ednum.<\/p><p>\u00deegar \u00fe\u00fa skr\u00e1ir \u00feig inn munum vi\u00f0 einnig setja nokkur k\u00f6kur til a\u00f0 vista innskr\u00e1ningaruppl\u00fdsingar \u00fe\u00ednar og skj\u00e1valkosti. Innskr\u00e1ningark\u00f6kur gilda \u00ed tvo daga og skj\u00e1valkostak\u00f6kur gilda \u00ed eitt \u00e1r. Ef \u00fe\u00fa velur \"Muna eftir m\u00e9r\" mun innskr\u00e1ningin \u00fe\u00edn vara \u00ed tv\u00e6r vikur. Ef \u00fe\u00fa skr\u00e1ir \u00feig \u00fat \u00far reikningnum \u00fe\u00ednum ver\u00f0a innskr\u00e1ningark\u00f6kur fjarl\u00e6g\u00f0ar.<\/p><p>Ef \u00fe\u00fa breytir e\u00f0a birtir grein, ver\u00f0ur \u00f6nnur k\u00f6ku vista\u00f0 \u00ed vafranum \u00fe\u00ednum. \u00deessi kaka inniheldur engar pers\u00f3nuuppl\u00fdsingar og gefur einfaldlega til kynna f\u00e6rsluau\u00f0kenni \u00feeirrar greinar sem \u00fe\u00fa breytti n\u00fdveri\u00f0. H\u00fan rennur \u00fat eftir einn dag.<\/p><h2 class=\"wp-block-heading\">Innbyggt efni fr\u00e1 \u00f6\u00f0rum vefs\u00ed\u00f0um<\/h2><p><strong class=\"privacy-policy-tutorial\">Tillaga a\u00f0 texta: <\/strong>Greinar \u00e1 \u00feessari s\u00ed\u00f0u geta innihaldi\u00f0 innfelldan efni (t.d. myndb\u00f6nd, myndir, greinar o.s.frv.). Innfellt efni fr\u00e1 \u00f6\u00f0rum vefs\u00ed\u00f0um hagar s\u00e9r n\u00e1kv\u00e6mlega eins og ef gestir hef\u00f0u heims\u00f3tt \u00fe\u00e1 a\u00f0ra vefs\u00ed\u00f0u.<\/p><p>\u00deessar vefs\u00ed\u00f0ur geta safna\u00f0 g\u00f6gnum um \u00feig, nota\u00f0 sm\u00e1k\u00f6kur, innlima\u00f0 frekari rekstur fr\u00e1 \u00feri\u00f0ja a\u00f0ila og fylgst me\u00f0 samskiptum \u00fe\u00ednum vi\u00f0 \u00feann innlima\u00f0a efni, \u00fear \u00e1 me\u00f0al me\u00f0 \u00fev\u00ed a\u00f0 rekja samskipti \u00fe\u00edn vi\u00f0 innlima\u00f0a efni\u00f0 ef \u00fe\u00fa ert me\u00f0 reikning og ert innskr\u00e1\u00f0ur \u00e1 vefs\u00ed\u00f0una.<\/p><h2 class=\"wp-block-heading\">Me\u00f0 hverjum vi\u00f0 deilum g\u00f6gnum \u00fe\u00ednum<\/h2><p><strong class=\"privacy-policy-tutorial\">Tillaga a\u00f0 texta: <\/strong>Ef \u00fe\u00fa bi\u00f0ur um lykilor\u00f0stil\u00f6gun, ver\u00f0ur IP-tala \u00fe\u00edn innifalin \u00ed til\u00f6gunar-t\u00f6lvup\u00f3stinum.<\/p><h2 class=\"wp-block-heading\">Hversu lengi vi\u00f0 geymum g\u00f6gnin \u00fe\u00edn<\/h2><p><strong class=\"privacy-policy-tutorial\">Tillaga a\u00f0 texta: <\/strong>Ef \u00fe\u00fa skilar athugasemd, er athugasemdin og metadata hennar var\u00f0veitt \u00f3\u00e1kve\u00f0i\u00f0. \u00deetta er svo vi\u00f0 getum sj\u00e1lfkrafa greint og sam\u00feykkt allar eftirfylgnarathugasemdir \u00ed sta\u00f0 \u00feess a\u00f0 hafa \u00fe\u00e6r \u00ed bi\u00f0r\u00f6\u00f0.<\/p><p>Fyrir notendur sem skr\u00e1 sig \u00e1 vefs\u00ed\u00f0unni okkar (ef einhverjir eru), geymum vi\u00f0 einnig pers\u00f3nuuppl\u00fdsingarnar sem \u00feeir veita \u00ed notendapr\u00f3f\u00edlnum s\u00ednum. Allir notendur geta hven\u00e6r sem er s\u00e9\u00f0, breytt e\u00f0a eytt pers\u00f3nuuppl\u00fdsingum s\u00ednum (nema \u00feeir geti ekki breytt notendanafni s\u00ednu). Vefstj\u00f3rar geta einnig s\u00e9\u00f0 og breytt \u00feessum uppl\u00fdsingum.<\/p><h2 class=\"wp-block-heading\">Hva\u00f0a r\u00e9ttindi \u00fe\u00fa hefur yfir g\u00f6gnum \u00fe\u00ednum<\/h2><p><strong class=\"privacy-policy-tutorial\">Tillaga a\u00f0 texta: <\/strong>Ef \u00fe\u00fa \u00e1tt reikning \u00e1 \u00feessari s\u00ed\u00f0u e\u00f0a hefur skili\u00f0 eftir athugasemdir getur\u00f0u \u00f3ska\u00f0 eftir a\u00f0 f\u00e1 \u00fatflutt skr\u00e1 yfir pers\u00f3nuuppl\u00fdsingar sem vi\u00f0 geymum um \u00feig, \u00fear \u00e1 me\u00f0al allar uppl\u00fdsingar sem \u00fe\u00fa hefur veitt okkur. \u00de\u00fa getur einnig \u00f3ska\u00f0 eftir a\u00f0 vi\u00f0 ey\u00f0um \u00f6llum pers\u00f3nuuppl\u00fdsingum sem vi\u00f0 geymum um \u00feig. \u00deetta n\u00e6r ekki til gagna sem vi\u00f0 erum skyldug til a\u00f0 geyma vegna stj\u00f3rns\u00fdslu-, laga- e\u00f0a \u00f6ryggis\u00e1st\u00e6\u00f0na.<\/p><h2 class=\"wp-block-heading\">\u00dear sem g\u00f6gnin \u00fe\u00edn eru send<\/h2><p><strong class=\"privacy-policy-tutorial\">Tillaga a\u00f0 texta: <\/strong>Athugasemdir gesta geta veri\u00f0 sko\u00f0a\u00f0ar me\u00f0 sj\u00e1lfvirkri ruslp\u00f3stvarnar\u00fej\u00f3nustu.<\/p>","protected":false},"excerpt":{"rendered":"<p>Who we are Suggested text: Our website address is: https:\/\/fabconnecther.eu. Comments Suggested text: When visitors leave comments on the site we collect the data shown&hellip;<\/p>","protected":false},"author":1,"featured_media":0,"parent":0,"menu_order":0,"comment_status":"closed","ping_status":"closed","template":"","meta":{"_acf_changed":false,"_angie_page":false,"inline_featured_image":false,"footnotes":""},"class_list":["post-3","page","type-page","status-publish","hentry"],"acf":[],"yoast_head":"<!-- This site is optimized with the Yoast SEO plugin v27.4 - https:\/\/yoast.com\/product\/yoast-seo-wordpress\/ -->\n<title>Privacy Policy - FabConnectHer.eu<\/title>\n<meta name=\"robots\" content=\"index, follow, max-snippet:-1, max-image-preview:large, max-video-preview:-1\" \/>\n<link rel=\"canonical\" href=\"https:\/\/fabconnecther.eu\/is\/personuverndarstefna\/\" \/>\n<meta property=\"og:locale\" content=\"is_IS\" \/>\n<meta property=\"og:type\" content=\"article\" \/>\n<meta property=\"og:title\" content=\"Privacy Policy - FabConnectHer.eu\" \/>\n<meta property=\"og:description\" content=\"Who we are Suggested text: Our website address is: https:\/\/fabconnecther.eu. Comments Suggested text: When visitors leave comments on the site we collect the data shown&hellip;\" \/>\n<meta property=\"og:url\" content=\"https:\/\/fabconnecther.eu\/is\/personuverndarstefna\/\" \/>\n<meta property=\"og:site_name\" content=\"FabConnectHer.eu\" \/>\n<meta property=\"article:modified_time\" content=\"2024-03-08T17:22:57+00:00\" \/>\n<meta name=\"twitter:card\" content=\"summary_large_image\" \/>\n<meta name=\"twitter:label1\" content=\"Est. reading time\" \/>\n\t<meta name=\"twitter:data1\" content=\"3 minutes\" \/>\n<script type=\"application\/ld+json\" class=\"yoast-schema-graph\">{\"@context\":\"https:\\\/\\\/schema.org\",\"@graph\":[{\"@type\":\"WebPage\",\"@id\":\"https:\\\/\\\/fabconnecther.eu\\\/privacy-policy\\\/\",\"url\":\"https:\\\/\\\/fabconnecther.eu\\\/privacy-policy\\\/\",\"name\":\"Privacy Policy - FabConnectHer.eu\",\"isPartOf\":{\"@id\":\"https:\\\/\\\/fabconnecther.eu\\\/#website\"},\"datePublished\":\"2023-09-22T13:09:42+00:00\",\"dateModified\":\"2024-03-08T17:22:57+00:00\",\"breadcrumb\":{\"@id\":\"https:\\\/\\\/fabconnecther.eu\\\/privacy-policy\\\/#breadcrumb\"},\"inLanguage\":\"is\",\"potentialAction\":[{\"@type\":\"ReadAction\",\"target\":[\"https:\\\/\\\/fabconnecther.eu\\\/privacy-policy\\\/\"]}]},{\"@type\":\"BreadcrumbList\",\"@id\":\"https:\\\/\\\/fabconnecther.eu\\\/privacy-policy\\\/#breadcrumb\",\"itemListElement\":[{\"@type\":\"ListItem\",\"position\":1,\"name\":\"Home\",\"item\":\"https:\\\/\\\/fabconnecther.eu\\\/\"},{\"@type\":\"ListItem\",\"position\":2,\"name\":\"Privacy Policy\"}]},{\"@type\":\"WebSite\",\"@id\":\"https:\\\/\\\/fabconnecther.eu\\\/#website\",\"url\":\"https:\\\/\\\/fabconnecther.eu\\\/\",\"name\":\"FabConnectHer.eu\",\"description\":\"\",\"publisher\":{\"@id\":\"https:\\\/\\\/fabconnecther.eu\\\/#organization\"},\"potentialAction\":[{\"@type\":\"SearchAction\",\"target\":{\"@type\":\"EntryPoint\",\"urlTemplate\":\"https:\\\/\\\/fabconnecther.eu\\\/?s={search_term_string}\"},\"query-input\":{\"@type\":\"PropertyValueSpecification\",\"valueRequired\":true,\"valueName\":\"search_term_string\"}}],\"inLanguage\":\"is\"},{\"@type\":\"Organization\",\"@id\":\"https:\\\/\\\/fabconnecther.eu\\\/#organization\",\"name\":\"FabConnectHer.eu\",\"url\":\"https:\\\/\\\/fabconnecther.eu\\\/\",\"logo\":{\"@type\":\"ImageObject\",\"inLanguage\":\"is\",\"@id\":\"https:\\\/\\\/fabconnecther.eu\\\/#\\\/schema\\\/logo\\\/image\\\/\",\"url\":\"https:\\\/\\\/fabconnecther.eu\\\/wp-content\\\/uploads\\\/2024\\\/03\\\/fabCONNECTher-final-logo2.png\",\"contentUrl\":\"https:\\\/\\\/fabconnecther.eu\\\/wp-content\\\/uploads\\\/2024\\\/03\\\/fabCONNECTher-final-logo2.png\",\"width\":604,\"height\":313,\"caption\":\"FabConnectHer.eu\"},\"image\":{\"@id\":\"https:\\\/\\\/fabconnecther.eu\\\/#\\\/schema\\\/logo\\\/image\\\/\"}}]}<\/script>\n<!-- \/ Yoast SEO plugin. -->","yoast_head_json":{"title":"Pers\u00f3nuverndarstefna - FabConnectHer.eu","robots":{"index":"index","follow":"follow","max-snippet":"max-snippet:-1","max-image-preview":"max-image-preview:large","max-video-preview":"max-video-preview:-1"},"canonical":"https:\/\/fabconnecther.eu\/is\/personuverndarstefna\/","og_locale":"is_IS","og_type":"article","og_title":"Privacy Policy - FabConnectHer.eu","og_description":"Who we are Suggested text: Our website address is: https:\/\/fabconnecther.eu. Comments Suggested text: When visitors leave comments on the site we collect the data shown&hellip;","og_url":"https:\/\/fabconnecther.eu\/is\/personuverndarstefna\/","og_site_name":"FabConnectHer.eu","article_modified_time":"2024-03-08T17:22:57+00:00","twitter_card":"summary_large_image","twitter_misc":{"Est. reading time":"3 minutes"},"schema":{"@context":"https:\/\/schema.org","@graph":[{"@type":"WebPage","@id":"https:\/\/fabconnecther.eu\/privacy-policy\/","url":"https:\/\/fabconnecther.eu\/privacy-policy\/","name":"Pers\u00f3nuverndarstefna - FabConnectHer.eu","isPartOf":{"@id":"https:\/\/fabconnecther.eu\/#website"},"datePublished":"2023-09-22T13:09:42+00:00","dateModified":"2024-03-08T17:22:57+00:00","breadcrumb":{"@id":"https:\/\/fabconnecther.eu\/privacy-policy\/#breadcrumb"},"inLanguage":"is","potentialAction":[{"@type":"ReadAction","target":["https:\/\/fabconnecther.eu\/privacy-policy\/"]}]},{"@type":"BreadcrumbList","@id":"https:\/\/fabconnecther.eu\/privacy-policy\/#breadcrumb","itemListElement":[{"@type":"ListItem","position":1,"name":"Home","item":"https:\/\/fabconnecther.eu\/"},{"@type":"ListItem","position":2,"name":"Privacy Policy"}]},{"@type":"WebSite","@id":"https:\/\/fabconnecther.eu\/#website","url":"https:\/\/fabconnecther.eu\/","name":"Fr\u00e1b\u00e6r tenging kvenna.eu","description":"","publisher":{"@id":"https:\/\/fabconnecther.eu\/#organization"},"potentialAction":[{"@type":"SearchAction","target":{"@type":"EntryPoint","urlTemplate":"https:\/\/fabconnecther.eu\/?s={search_term_string}"},"query-input":{"@type":"PropertyValueSpecification","valueRequired":true,"valueName":"search_term_string"}}],"inLanguage":"is"},{"@type":"Organization","@id":"https:\/\/fabconnecther.eu\/#organization","name":"Fr\u00e1b\u00e6r tenging kvenna.eu","url":"https:\/\/fabconnecther.eu\/","logo":{"@type":"ImageObject","inLanguage":"is","@id":"https:\/\/fabconnecther.eu\/#\/schema\/logo\/image\/","url":"https:\/\/fabconnecther.eu\/wp-content\/uploads\/2024\/03\/fabCONNECTher-final-logo2.png","contentUrl":"https:\/\/fabconnecther.eu\/wp-content\/uploads\/2024\/03\/fabCONNECTher-final-logo2.png","width":604,"height":313,"caption":"FabConnectHer.eu"},"image":{"@id":"https:\/\/fabconnecther.eu\/#\/schema\/logo\/image\/"}}]}},"_links":{"self":[{"href":"https:\/\/fabconnecther.eu\/is\/wp-json\/wp\/v2\/pages\/3","targetHints":{"allow":["GET"]}}],"collection":[{"href":"https:\/\/fabconnecther.eu\/is\/wp-json\/wp\/v2\/pages"}],"about":[{"href":"https:\/\/fabconnecther.eu\/is\/wp-json\/wp\/v2\/types\/page"}],"author":[{"embeddable":true,"href":"https:\/\/fabconnecther.eu\/is\/wp-json\/wp\/v2\/users\/1"}],"replies":[{"embeddable":true,"href":"https:\/\/fabconnecther.eu\/is\/wp-json\/wp\/v2\/comments?post=3"}],"version-history":[{"count":0,"href":"https:\/\/fabconnecther.eu\/is\/wp-json\/wp\/v2\/pages\/3\/revisions"}],"wp:attachment":[{"href":"https:\/\/fabconnecther.eu\/is\/wp-json\/wp\/v2\/media?parent=3"}],"curies":[{"name":"vp","href":"https:\/\/api.w.org\/{rel}","templated":true}]}}