{"id":1814,"date":"2025-12-02T14:21:51","date_gmt":"2025-12-02T14:21:51","guid":{"rendered":"https:\/\/fabconnecther.eu\/?page_id=1814"},"modified":"2026-04-21T13:20:41","modified_gmt":"2026-04-21T13:20:41","slug":"forum","status":"publish","type":"page","link":"https:\/\/fabconnecther.eu\/pt\/forum\/","title":{"rendered":"F\u00f3rum"},"content":{"rendered":"<div data-elementor-type=\"wp-page\" data-elementor-id=\"1814\" class=\"elementor elementor-1814\" data-elementor-post-type=\"page\">\n\t\t\t\t<div class=\"elementor-element elementor-element-246a4233 e-con-full e-flex e-con e-parent\" data-id=\"246a4233\" data-element_type=\"container\" data-e-type=\"container\" data-settings=\"{&quot;background_background&quot;:&quot;classic&quot;}\">\n\t\t<div class=\"elementor-element elementor-element-928b78e e-con-full e-flex e-con e-child\" data-id=\"928b78e\" data-element_type=\"container\" data-e-type=\"container\">\n\t\t<div class=\"elementor-element elementor-element-b2c6bdb e-con-full e-flex e-con e-child\" data-id=\"b2c6bdb\" data-element_type=\"container\" data-e-type=\"container\">\n\t\t\t\t<div class=\"elementor-element elementor-element-62990be elementor-widget elementor-widget-heading\" data-id=\"62990be\" data-element_type=\"widget\" data-e-type=\"widget\" data-widget_type=\"heading.default\">\n\t\t\t\t\t<h1 class=\"elementor-heading-title elementor-size-default\">Bem-vindo ao F\u00f3rum FAB Edu<\/h1>\t\t\t\t<\/div>\n\t\t\t\t<div class=\"elementor-element elementor-element-a56b893 elementor-widget elementor-widget-text-editor\" data-id=\"a56b893\" data-element_type=\"widget\" data-e-type=\"widget\" data-widget_type=\"text-editor.default\">\n\t\t\t\t\t\t\t\t\t<p>O FAB Edu Forum capta a explora\u00e7\u00e3o e conex\u00e3o do FabConnectHer. do panorama da educa\u00e7\u00e3o Fab Lab em toda a Europa. Cada uma das quatro \u00e1reas abaixo oferece uma perspetiva diferente sobre o nosso trabalho coletivo, concebido para informar e inspirar a sua pr\u00f3pria pr\u00e1tica, onde quer que se encontre.<\/p><ul><li>Atrav\u00e9s de um exerc\u00edcio aprofundado de mapeamento, o projeto identificou 100 Fab Labs e Maker Spaces, criando um diret\u00f3rio vivo que continuar\u00e1 a crescer<\/li><li>Uma s\u00e9rie de visitas virtuais abriu as portas dos Fab Labs parceiros na Irlanda, Espanha, Isl\u00e2ndia e Portugal, partilhando as melhores pr\u00e1ticas ao mostrar como diferentes espa\u00e7os e equipas abordam o seu trabalho. Por favor, adicione a sua visita a esta s\u00e9rie.<\/li><li>Um programa de eventos virtuais<\/li><li>E o Desafio Fab &amp; Fierce convidou raparigas e mulheres a celebrar uma hero\u00edna feminina nas \u00e1reas STEAM, pesquisando a sua hist\u00f3ria, criando um prot\u00f3tipo criativo ou projeto digital inspirado nela e apresentando-o num v\u00eddeo curto, produzindo 16 projetos not\u00e1veis de toda a rede.<\/li><\/ul><p>Juntos, estes resultados retratam o que \u00e9 a educa\u00e7\u00e3o STEAM inclusiva na pr\u00e1tica, em pa\u00edses, comunidades e ambientes de aprendizagem muito diferentes.<\/p><p>Para uma liga\u00e7\u00e3o direta com outros mentores e educadores, incluindo perfis comunit\u00e1rios, apoio entre pares e colabora\u00e7\u00e3o cont\u00ednua, dirija-se \u00e0\u00a0<a href=\"https:\/\/fabconnecther.eu\/pt\/mentor\/\" target=\"_blank\" rel=\"noopener\">Comunidade MentHer<\/a>.<\/p>\t\t\t\t\t\t\t\t<\/div>\n\t\t\t\t<\/div>\n\t\t<div class=\"elementor-element elementor-element-3cb57ed e-con-full e-flex e-con e-child\" data-id=\"3cb57ed\" data-element_type=\"container\" data-e-type=\"container\">\n\t\t\t\t<div class=\"elementor-element elementor-element-fb97dc7 elementor-widget elementor-widget-image\" data-id=\"fb97dc7\" data-element_type=\"widget\" data-e-type=\"widget\" data-widget_type=\"image.default\">\n\t\t\t\t\t\t\t\t\t\t\t\t\t\t\t<img fetchpriority=\"high\" decoding=\"async\" width=\"1236\" height=\"974\" src=\"https:\/\/fabconnecther.eu\/wp-content\/uploads\/2025\/12\/A2.jpg\" class=\"attachment-1536x1536 size-1536x1536 wp-image-1824\" alt=\"\" srcset=\"https:\/\/fabconnecther.eu\/wp-content\/uploads\/2025\/12\/A2.jpg 1236w, https:\/\/fabconnecther.eu\/wp-content\/uploads\/2025\/12\/A2-300x236.jpg 300w, https:\/\/fabconnecther.eu\/wp-content\/uploads\/2025\/12\/A2-1024x807.jpg 1024w, https:\/\/fabconnecther.eu\/wp-content\/uploads\/2025\/12\/A2-768x605.jpg 768w, https:\/\/fabconnecther.eu\/wp-content\/uploads\/2025\/12\/A2-624x492.jpg 624w\" sizes=\"(max-width: 1236px) 100vw, 1236px\" \/>\t\t\t\t\t\t\t\t\t\t\t\t\t\t\t<\/div>\n\t\t\t\t<\/div>\n\t\t\t\t<\/div>\n\t\t<div class=\"elementor-element elementor-element-4e0acf9 e-con-full e-flex e-con e-child\" data-id=\"4e0acf9\" data-element_type=\"container\" data-e-type=\"container\">\n\t\t<div class=\"elementor-element elementor-element-97dbf12 e-con-full animated-slow e-flex elementor-invisible e-con e-child\" data-id=\"97dbf12\" data-element_type=\"container\" data-e-type=\"container\" data-settings=\"{&quot;background_background&quot;:&quot;classic&quot;,&quot;animation&quot;:&quot;fadeIn&quot;}\">\n\t\t\t\t<div class=\"elementor-element elementor-element-2fdeb67 elementor-widget elementor-widget-heading\" data-id=\"2fdeb67\" data-element_type=\"widget\" data-e-type=\"widget\" data-widget_type=\"heading.default\">\n\t\t\t\t\t<h2 class=\"elementor-heading-title elementor-size-default\">Eventos<\/h2>\t\t\t\t<\/div>\n\t\t\t\t<div class=\"elementor-element elementor-element-040162c elementor-align-justify elementor-widget elementor-widget-button\" data-id=\"040162c\" data-element_type=\"widget\" data-e-type=\"widget\" data-widget_type=\"button.default\">\n\t\t\t\t\t\t\t\t\t\t<a class=\"elementor-button elementor-button-link elementor-size-sm\" href=\"https:\/\/fabconnecther.eu\/pt\/eventos\/\">\n\t\t\t\t\t\t<span class=\"elementor-button-content-wrapper\">\n\t\t\t\t\t\t<span class=\"elementor-button-icon\">\n\t\t\t\t<svg aria-hidden=\"true\" class=\"e-font-icon-svg e-fas-chevron-right\" viewbox=\"0 0 320 512\" xmlns=\"http:\/\/www.w3.org\/2000\/svg\"><path d=\"M285.476 272.971L91.132 467.314c-9.373 9.373-24.569 9.373-33.941 0l-22.667-22.667c-9.357-9.357-9.375-24.522-.04-33.901L188.505 256 34.484 101.255c-9.335-9.379-9.317-24.544.04-33.901l22.667-22.667c9.373-9.373 24.569-9.373 33.941 0L285.475 239.03c9.373 9.372 9.373 24.568.001 33.941z\"><\/path><\/svg>\t\t\t<\/span>\n\t\t\t\t\t\t\t\t\t<span class=\"elementor-button-text\">Ver mais<\/span>\n\t\t\t\t\t<\/span>\n\t\t\t\t\t<\/a>\n\t\t\t\t\t\t\t\t<\/div>\n\t\t\t\t<\/div>\n\t\t<div class=\"elementor-element elementor-element-db6a971 e-con-full animated-slow e-flex elementor-invisible e-con e-child\" data-id=\"db6a971\" data-element_type=\"container\" data-e-type=\"container\" data-settings=\"{&quot;background_background&quot;:&quot;classic&quot;,&quot;animation&quot;:&quot;fadeIn&quot;,&quot;animation_delay&quot;:300}\">\n\t\t\t\t<div class=\"elementor-element elementor-element-8ad48f6 elementor-widget elementor-widget-heading\" data-id=\"8ad48f6\" data-element_type=\"widget\" data-e-type=\"widget\" data-widget_type=\"heading.default\">\n\t\t\t\t\t<h2 class=\"elementor-heading-title elementor-size-default\">Mapa Fab Labs<\/h2>\t\t\t\t<\/div>\n\t\t\t\t<div class=\"elementor-element elementor-element-447709b elementor-align-justify elementor-widget elementor-widget-button\" data-id=\"447709b\" data-element_type=\"widget\" data-e-type=\"widget\" data-widget_type=\"button.default\">\n\t\t\t\t\t\t\t\t\t\t<a class=\"elementor-button elementor-button-link elementor-size-sm\" href=\"https:\/\/fabconnecther.eu\/pt\/fab-labs\/\">\n\t\t\t\t\t\t<span class=\"elementor-button-content-wrapper\">\n\t\t\t\t\t\t<span class=\"elementor-button-icon\">\n\t\t\t\t<svg aria-hidden=\"true\" class=\"e-font-icon-svg e-fas-chevron-right\" viewbox=\"0 0 320 512\" xmlns=\"http:\/\/www.w3.org\/2000\/svg\"><path d=\"M285.476 272.971L91.132 467.314c-9.373 9.373-24.569 9.373-33.941 0l-22.667-22.667c-9.357-9.357-9.375-24.522-.04-33.901L188.505 256 34.484 101.255c-9.335-9.379-9.317-24.544.04-33.901l22.667-22.667c9.373-9.373 24.569-9.373 33.941 0L285.475 239.03c9.373 9.372 9.373 24.568.001 33.941z\"><\/path><\/svg>\t\t\t<\/span>\n\t\t\t\t\t\t\t\t\t<span class=\"elementor-button-text\">Ver mais<\/span>\n\t\t\t\t\t<\/span>\n\t\t\t\t\t<\/a>\n\t\t\t\t\t\t\t\t<\/div>\n\t\t\t\t<\/div>\n\t\t<div class=\"elementor-element elementor-element-5a44b3c e-con-full animated-slow e-flex elementor-invisible e-con e-child\" data-id=\"5a44b3c\" data-element_type=\"container\" data-e-type=\"container\" data-settings=\"{&quot;background_background&quot;:&quot;classic&quot;,&quot;animation&quot;:&quot;fadeIn&quot;,&quot;animation_delay&quot;:600}\">\n\t\t\t\t<div class=\"elementor-element elementor-element-af52596 elementor-widget elementor-widget-heading\" data-id=\"af52596\" data-element_type=\"widget\" data-e-type=\"widget\" data-widget_type=\"heading.default\">\n\t\t\t\t\t<h2 class=\"elementor-heading-title elementor-size-default\">Visitas Virtuais<\/h2>\t\t\t\t<\/div>\n\t\t\t\t<div class=\"elementor-element elementor-element-4b35ce6 elementor-align-justify elementor-widget elementor-widget-button\" data-id=\"4b35ce6\" data-element_type=\"widget\" data-e-type=\"widget\" data-widget_type=\"button.default\">\n\t\t\t\t\t\t\t\t\t\t<a class=\"elementor-button elementor-button-link elementor-size-sm\" href=\"https:\/\/fabconnecther.eu\/pt\/visitas-virtuais\/\">\n\t\t\t\t\t\t<span class=\"elementor-button-content-wrapper\">\n\t\t\t\t\t\t<span class=\"elementor-button-icon\">\n\t\t\t\t<svg aria-hidden=\"true\" class=\"e-font-icon-svg e-fas-chevron-right\" viewbox=\"0 0 320 512\" xmlns=\"http:\/\/www.w3.org\/2000\/svg\"><path d=\"M285.476 272.971L91.132 467.314c-9.373 9.373-24.569 9.373-33.941 0l-22.667-22.667c-9.357-9.357-9.375-24.522-.04-33.901L188.505 256 34.484 101.255c-9.335-9.379-9.317-24.544.04-33.901l22.667-22.667c9.373-9.373 24.569-9.373 33.941 0L285.475 239.03c9.373 9.372 9.373 24.568.001 33.941z\"><\/path><\/svg>\t\t\t<\/span>\n\t\t\t\t\t\t\t\t\t<span class=\"elementor-button-text\">Ver mais<\/span>\n\t\t\t\t\t<\/span>\n\t\t\t\t\t<\/a>\n\t\t\t\t\t\t\t\t<\/div>\n\t\t\t\t<\/div>\n\t\t<div class=\"elementor-element elementor-element-99cca6d e-con-full animated-slow e-flex elementor-invisible e-con e-child\" data-id=\"99cca6d\" data-element_type=\"container\" data-e-type=\"container\" data-settings=\"{&quot;background_background&quot;:&quot;classic&quot;,&quot;animation&quot;:&quot;fadeIn&quot;,&quot;animation_delay&quot;:900}\">\n\t\t\t\t<div class=\"elementor-element elementor-element-7a6d389 elementor-widget elementor-widget-heading\" data-id=\"7a6d389\" data-element_type=\"widget\" data-e-type=\"widget\" data-widget_type=\"heading.default\">\n\t\t\t\t\t<h2 class=\"elementor-heading-title elementor-size-default\">Central de Desafios<\/h2>\t\t\t\t<\/div>\n\t\t\t\t<div class=\"elementor-element elementor-element-480a03a elementor-align-justify elementor-widget elementor-widget-button\" data-id=\"480a03a\" data-element_type=\"widget\" data-e-type=\"widget\" data-widget_type=\"button.default\">\n\t\t\t\t\t\t\t\t\t\t<a class=\"elementor-button elementor-button-link elementor-size-sm\" href=\"https:\/\/fabconnecther.eu\/pt\/desafio-fabuloso-e-feroz\/\">\n\t\t\t\t\t\t<span class=\"elementor-button-content-wrapper\">\n\t\t\t\t\t\t<span class=\"elementor-button-icon\">\n\t\t\t\t<svg aria-hidden=\"true\" class=\"e-font-icon-svg e-fas-chevron-right\" viewbox=\"0 0 320 512\" xmlns=\"http:\/\/www.w3.org\/2000\/svg\"><path d=\"M285.476 272.971L91.132 467.314c-9.373 9.373-24.569 9.373-33.941 0l-22.667-22.667c-9.357-9.357-9.375-24.522-.04-33.901L188.505 256 34.484 101.255c-9.335-9.379-9.317-24.544.04-33.901l22.667-22.667c9.373-9.373 24.569-9.373 33.941 0L285.475 239.03c9.373 9.372 9.373 24.568.001 33.941z\"><\/path><\/svg>\t\t\t<\/span>\n\t\t\t\t\t\t\t\t\t<span class=\"elementor-button-text\">Ver mais<\/span>\n\t\t\t\t\t<\/span>\n\t\t\t\t\t<\/a>\n\t\t\t\t\t\t\t\t<\/div>\n\t\t\t\t<\/div>\n\t\t\t\t<\/div>\n\t\t\t\t<\/div>\n\t\t\t\t<\/div>","protected":false},"excerpt":{"rendered":"<p>Welcome to the FAB Edu Forum The FAB Edu Forum captures FabConnectHer&#8217;s exploration and connection. of the Fab Lab education landscape across Europe. Each of&hellip;<\/p>","protected":false},"author":3,"featured_media":0,"parent":0,"menu_order":0,"comment_status":"closed","ping_status":"closed","template":"elementor_header_footer","meta":{"_acf_changed":false,"_angie_page":false,"inline_featured_image":false,"footnotes":""},"class_list":["post-1814","page","type-page","status-publish","hentry"],"acf":[],"yoast_head":"<!-- This site is optimized with the Yoast SEO plugin v27.5 - https:\/\/yoast.com\/product\/yoast-seo-wordpress\/ -->\n<title>Forum - FabConnectHer.eu<\/title>\n<meta name=\"robots\" content=\"index, follow, max-snippet:-1, max-image-preview:large, max-video-preview:-1\" \/>\n<link rel=\"canonical\" href=\"https:\/\/fabconnecther.eu\/pt\/forum\/\" \/>\n<meta property=\"og:locale\" content=\"pt_PT\" \/>\n<meta property=\"og:type\" content=\"article\" \/>\n<meta property=\"og:title\" content=\"Forum - FabConnectHer.eu\" \/>\n<meta property=\"og:description\" content=\"Welcome to the FAB Edu Forum The FAB Edu Forum captures FabConnectHer&#8217;s exploration and connection. of the Fab Lab education landscape across Europe. Each of&hellip;\" \/>\n<meta property=\"og:url\" content=\"https:\/\/fabconnecther.eu\/pt\/forum\/\" \/>\n<meta property=\"og:site_name\" content=\"FabConnectHer.eu\" \/>\n<meta property=\"article:modified_time\" content=\"2026-04-21T13:20:41+00:00\" \/>\n<meta property=\"og:image\" content=\"https:\/\/fabconnecther.eu\/wp-content\/uploads\/2025\/12\/A2.jpg\" \/>\n\t<meta property=\"og:image:width\" content=\"1236\" \/>\n\t<meta property=\"og:image:height\" content=\"974\" \/>\n\t<meta property=\"og:image:type\" content=\"image\/jpeg\" \/>\n<meta name=\"twitter:card\" content=\"summary_large_image\" \/>\n<meta name=\"twitter:label1\" content=\"Tempo estimado de leitura\" \/>\n\t<meta name=\"twitter:data1\" content=\"1 minuto\" \/>\n<script type=\"application\/ld+json\" class=\"yoast-schema-graph\">{\"@context\":\"https:\\\/\\\/schema.org\",\"@graph\":[{\"@type\":\"WebPage\",\"@id\":\"https:\\\/\\\/fabconnecther.eu\\\/forum\\\/\",\"url\":\"https:\\\/\\\/fabconnecther.eu\\\/forum\\\/\",\"name\":\"Forum - FabConnectHer.eu\",\"isPartOf\":{\"@id\":\"https:\\\/\\\/fabconnecther.eu\\\/#website\"},\"primaryImageOfPage\":{\"@id\":\"https:\\\/\\\/fabconnecther.eu\\\/forum\\\/#primaryimage\"},\"image\":{\"@id\":\"https:\\\/\\\/fabconnecther.eu\\\/forum\\\/#primaryimage\"},\"thumbnailUrl\":\"https:\\\/\\\/fabconnecther.eu\\\/wp-content\\\/uploads\\\/2025\\\/12\\\/A2.jpg\",\"datePublished\":\"2025-12-02T14:21:51+00:00\",\"dateModified\":\"2026-04-21T13:20:41+00:00\",\"breadcrumb\":{\"@id\":\"https:\\\/\\\/fabconnecther.eu\\\/forum\\\/#breadcrumb\"},\"inLanguage\":\"pt-PT\",\"potentialAction\":[{\"@type\":\"ReadAction\",\"target\":[\"https:\\\/\\\/fabconnecther.eu\\\/forum\\\/\"]}]},{\"@type\":\"ImageObject\",\"inLanguage\":\"pt-PT\",\"@id\":\"https:\\\/\\\/fabconnecther.eu\\\/forum\\\/#primaryimage\",\"url\":\"https:\\\/\\\/fabconnecther.eu\\\/wp-content\\\/uploads\\\/2025\\\/12\\\/A2.jpg\",\"contentUrl\":\"https:\\\/\\\/fabconnecther.eu\\\/wp-content\\\/uploads\\\/2025\\\/12\\\/A2.jpg\"},{\"@type\":\"BreadcrumbList\",\"@id\":\"https:\\\/\\\/fabconnecther.eu\\\/forum\\\/#breadcrumb\",\"itemListElement\":[{\"@type\":\"ListItem\",\"position\":1,\"name\":\"Home\",\"item\":\"https:\\\/\\\/fabconnecther.eu\\\/\"},{\"@type\":\"ListItem\",\"position\":2,\"name\":\"Forum\"}]},{\"@type\":\"WebSite\",\"@id\":\"https:\\\/\\\/fabconnecther.eu\\\/#website\",\"url\":\"https:\\\/\\\/fabconnecther.eu\\\/\",\"name\":\"FabConnectHer.eu\",\"description\":\"\",\"publisher\":{\"@id\":\"https:\\\/\\\/fabconnecther.eu\\\/#organization\"},\"potentialAction\":[{\"@type\":\"SearchAction\",\"target\":{\"@type\":\"EntryPoint\",\"urlTemplate\":\"https:\\\/\\\/fabconnecther.eu\\\/?s={search_term_string}\"},\"query-input\":{\"@type\":\"PropertyValueSpecification\",\"valueRequired\":true,\"valueName\":\"search_term_string\"}}],\"inLanguage\":\"pt-PT\"},{\"@type\":\"Organization\",\"@id\":\"https:\\\/\\\/fabconnecther.eu\\\/#organization\",\"name\":\"FabConnectHer.eu\",\"url\":\"https:\\\/\\\/fabconnecther.eu\\\/\",\"logo\":{\"@type\":\"ImageObject\",\"inLanguage\":\"pt-PT\",\"@id\":\"https:\\\/\\\/fabconnecther.eu\\\/#\\\/schema\\\/logo\\\/image\\\/\",\"url\":\"https:\\\/\\\/fabconnecther.eu\\\/wp-content\\\/uploads\\\/2024\\\/03\\\/fabCONNECTher-final-logo2.png\",\"contentUrl\":\"https:\\\/\\\/fabconnecther.eu\\\/wp-content\\\/uploads\\\/2024\\\/03\\\/fabCONNECTher-final-logo2.png\",\"width\":604,\"height\":313,\"caption\":\"FabConnectHer.eu\"},\"image\":{\"@id\":\"https:\\\/\\\/fabconnecther.eu\\\/#\\\/schema\\\/logo\\\/image\\\/\"}}]}<\/script>\n<!-- \/ Yoast SEO plugin. -->","yoast_head_json":{"title":"F\u00f3rum - FabConnectHer.pt","robots":{"index":"index","follow":"follow","max-snippet":"max-snippet:-1","max-image-preview":"max-image-preview:large","max-video-preview":"max-video-preview:-1"},"canonical":"https:\/\/fabconnecther.eu\/pt\/forum\/","og_locale":"pt_PT","og_type":"article","og_title":"Forum - FabConnectHer.eu","og_description":"Welcome to the FAB Edu Forum The FAB Edu Forum captures FabConnectHer&#8217;s exploration and connection. of the Fab Lab education landscape across Europe. Each of&hellip;","og_url":"https:\/\/fabconnecther.eu\/pt\/forum\/","og_site_name":"FabConnectHer.eu","article_modified_time":"2026-04-21T13:20:41+00:00","og_image":[{"width":1236,"height":974,"url":"https:\/\/fabconnecther.eu\/wp-content\/uploads\/2025\/12\/A2.jpg","type":"image\/jpeg"}],"twitter_card":"summary_large_image","twitter_misc":{"Tempo estimado de leitura":"1 minuto"},"schema":{"@context":"https:\/\/schema.org","@graph":[{"@type":"WebPage","@id":"https:\/\/fabconnecther.eu\/forum\/","url":"https:\/\/fabconnecther.eu\/forum\/","name":"F\u00f3rum - FabConnectHer.pt","isPartOf":{"@id":"https:\/\/fabconnecther.eu\/#website"},"primaryImageOfPage":{"@id":"https:\/\/fabconnecther.eu\/forum\/#primaryimage"},"image":{"@id":"https:\/\/fabconnecther.eu\/forum\/#primaryimage"},"thumbnailUrl":"https:\/\/fabconnecther.eu\/wp-content\/uploads\/2025\/12\/A2.jpg","datePublished":"2025-12-02T14:21:51+00:00","dateModified":"2026-04-21T13:20:41+00:00","breadcrumb":{"@id":"https:\/\/fabconnecther.eu\/forum\/#breadcrumb"},"inLanguage":"pt-PT","potentialAction":[{"@type":"ReadAction","target":["https:\/\/fabconnecther.eu\/forum\/"]}]},{"@type":"ImageObject","inLanguage":"pt-PT","@id":"https:\/\/fabconnecther.eu\/forum\/#primaryimage","url":"https:\/\/fabconnecther.eu\/wp-content\/uploads\/2025\/12\/A2.jpg","contentUrl":"https:\/\/fabconnecther.eu\/wp-content\/uploads\/2025\/12\/A2.jpg"},{"@type":"BreadcrumbList","@id":"https:\/\/fabconnecther.eu\/forum\/#breadcrumb","itemListElement":[{"@type":"ListItem","position":1,"name":"Home","item":"https:\/\/fabconnecther.eu\/"},{"@type":"ListItem","position":2,"name":"Forum"}]},{"@type":"WebSite","@id":"https:\/\/fabconnecther.eu\/#website","url":"https:\/\/fabconnecther.eu\/","name":"FabConnectHer.eu","description":"","publisher":{"@id":"https:\/\/fabconnecther.eu\/#organization"},"potentialAction":[{"@type":"SearchAction","target":{"@type":"EntryPoint","urlTemplate":"https:\/\/fabconnecther.eu\/?s={search_term_string}"},"query-input":{"@type":"PropertyValueSpecification","valueRequired":true,"valueName":"search_term_string"}}],"inLanguage":"pt-PT"},{"@type":"Organization","@id":"https:\/\/fabconnecther.eu\/#organization","name":"FabConnectHer.eu","url":"https:\/\/fabconnecther.eu\/","logo":{"@type":"ImageObject","inLanguage":"pt-PT","@id":"https:\/\/fabconnecther.eu\/#\/schema\/logo\/image\/","url":"https:\/\/fabconnecther.eu\/wp-content\/uploads\/2024\/03\/fabCONNECTher-final-logo2.png","contentUrl":"https:\/\/fabconnecther.eu\/wp-content\/uploads\/2024\/03\/fabCONNECTher-final-logo2.png","width":604,"height":313,"caption":"FabConnectHer.eu"},"image":{"@id":"https:\/\/fabconnecther.eu\/#\/schema\/logo\/image\/"}}]}},"_links":{"self":[{"href":"https:\/\/fabconnecther.eu\/pt\/wp-json\/wp\/v2\/pages\/1814","targetHints":{"allow":["GET"]}}],"collection":[{"href":"https:\/\/fabconnecther.eu\/pt\/wp-json\/wp\/v2\/pages"}],"about":[{"href":"https:\/\/fabconnecther.eu\/pt\/wp-json\/wp\/v2\/types\/page"}],"author":[{"embeddable":true,"href":"https:\/\/fabconnecther.eu\/pt\/wp-json\/wp\/v2\/users\/3"}],"replies":[{"embeddable":true,"href":"https:\/\/fabconnecther.eu\/pt\/wp-json\/wp\/v2\/comments?post=1814"}],"version-history":[{"count":0,"href":"https:\/\/fabconnecther.eu\/pt\/wp-json\/wp\/v2\/pages\/1814\/revisions"}],"wp:attachment":[{"href":"https:\/\/fabconnecther.eu\/pt\/wp-json\/wp\/v2\/media?parent=1814"}],"curies":[{"name":"palavra-passe","href":"https:\/\/api.w.org\/{rel}","templated":true}]}}